{"id":40,"date":"2015-08-18T09:57:33","date_gmt":"2015-08-18T09:57:33","guid":{"rendered":"http:\/\/abettraconsulting.es\/?page_id=40"},"modified":"2023-08-02T18:19:54","modified_gmt":"2023-08-02T18:19:54","slug":"para-el-sector-servicios-y-comercial","status":"publish","type":"page","link":"https:\/\/abettraconsulting.es\/?page_id=40","title":{"rendered":"SECTOR SERVICIOS y COMERCIAL"},"content":{"rendered":"<p>Los servicios de consultor\u00eda m\u00e1s representativos que ofrece <strong><span style=\"color: #000080;\">ABETTRA Consulting<\/span><\/strong>, para el sector servicios y comercial, aportando siempre el m\u00e1ximo valor a\u00f1adido, <strong>personaliz\u00e1ndolos para cada cliente,<\/strong> son:<\/p>\n<p><strong>Asesoramiento Estrat\u00e9gico:<br \/><\/strong><\/p>\n<ul>\n<li>Ayudar en la revisi\u00f3n y actualizaci\u00f3n de la estrategia empresarial, ya que las condiciones del mercado cambian<\/li>\n<li>Investigaci\u00f3n de nuevos nichos potenciales de clientes<\/li>\n<li>Nuevas pr\u00e1cticas empresariales en la organizaci\u00f3n del trabajo o de los procedimientos de la empresa, destacando los <em>modelos Lean-Agile<\/em> como SCRUM y KANBAN con filosof\u00eda KAIZEN sobre mejora continua.<\/li>\n<li>Nuevos m\u00e9todos de organizaci\u00f3n de los puestos de trabajo en la empresa, para mejorar responsabilidades y toma de decisiones<\/li>\n<\/ul>\n<p><strong>Asesoramiento Operativo y Producci\u00f3n:<\/strong><\/p>\n<ul>\n<li>Mejorar los procesos productivos (procedimientos internos o de relaci\u00f3n con el cliente)<\/li>\n<li>An\u00e1lisis de costes internos, lo cual permite conocer mejor la aportaci\u00f3n de cada producto o grupo de productos a la rentabilidad de la empresa, y tomar decisiones<\/li>\n<li>Mejorar los procesos administrativos<\/li>\n<li>Implantaci\u00f3n de t\u00e9cnicas de calidad<\/li>\n<li>Colaborar en el Estudio e implantaci\u00f3n de \u00cdndices de desempa\u00f1o para la mejora continua, y asegurar la calidad de los distintos procesos<\/li>\n<li>Gesti\u00f3n del conocimiento orientados a la cooperaci\u00f3n<\/li>\n<li>Gesti\u00f3n de procesos de Innovaci\u00f3n abierta<\/li>\n<li>Creaci\u00f3n y gesti\u00f3n de equipos para la innovaci\u00f3n<\/li>\n<\/ul>\n<p><strong>Asesoramiento en Gesti\u00f3n de personas:<\/strong><\/p>\n<ul>\n<li>Liderar, coordinar o simplemente facilitador de equipos, para la mejora del clima laboral, fomentar su desarrollo profesional y motivaci\u00f3n<\/li>\n<li>Estudios de motivaci\u00f3n y mejora de clima laboral<\/li>\n<li>Implantaci\u00f3n de t\u00e9cnicas de gesti\u00f3n del tiempo<\/li>\n<li>Planes de comunicaci\u00f3n interna<\/li>\n<\/ul>\n\n\n<p><\/p>\n","protected":false},"excerpt":{"rendered":"<p>Los servicios de consultor\u00eda m\u00e1s representativos que ofrece ABETTRA Consulting, para el sector servicios y comercial, aportando siempre el m\u00e1ximo valor a\u00f1adido, personaliz\u00e1ndolos para cada cliente, son: Asesoramiento Estrat\u00e9gico: Ayudar en la revisi\u00f3n y actualizaci\u00f3n de la estrategia empresarial, ya que las condiciones del mercado cambian Investigaci\u00f3n de nuevos nichos potenciales de clientes Nuevas pr\u00e1cticas [&hellip;]<\/p>\n","protected":false},"author":2,"featured_media":0,"parent":0,"menu_order":0,"comment_status":"closed","ping_status":"closed","template":"","meta":[],"_links":{"self":[{"href":"https:\/\/abettraconsulting.es\/index.php?rest_route=\/wp\/v2\/pages\/40"}],"collection":[{"href":"https:\/\/abettraconsulting.es\/index.php?rest_route=\/wp\/v2\/pages"}],"about":[{"href":"https:\/\/abettraconsulting.es\/index.php?rest_route=\/wp\/v2\/types\/page"}],"author":[{"embeddable":true,"href":"https:\/\/abettraconsulting.es\/index.php?rest_route=\/wp\/v2\/users\/2"}],"replies":[{"embeddable":true,"href":"https:\/\/abettraconsulting.es\/index.php?rest_route=%2Fwp%2Fv2%2Fcomments&post=40"}],"version-history":[{"count":25,"href":"https:\/\/abettraconsulting.es\/index.php?rest_route=\/wp\/v2\/pages\/40\/revisions"}],"predecessor-version":[{"id":456,"href":"https:\/\/abettraconsulting.es\/index.php?rest_route=\/wp\/v2\/pages\/40\/revisions\/456"}],"wp:attachment":[{"href":"https:\/\/abettraconsulting.es\/index.php?rest_route=%2Fwp%2Fv2%2Fmedia&parent=40"}],"curies":[{"name":"wp","href":"https:\/\/api.w.org\/{rel}","templated":true}]}}