{"id":33,"date":"2015-08-17T17:13:58","date_gmt":"2015-08-17T17:13:58","guid":{"rendered":"http:\/\/abettraconsulting.es\/?page_id=33"},"modified":"2023-08-03T01:12:40","modified_gmt":"2023-08-03T01:12:40","slug":"servicios","status":"publish","type":"page","link":"https:\/\/abettraconsulting.es\/?page_id=33","title":{"rendered":"PARA EL SECTOR INDUSTRIAL y LOG\u00cdSTICO"},"content":{"rendered":"<p>Todos los servicios de consultor\u00eda que presta <span style=\"color: #000080;\"><strong>ABETTRA Consulting<\/strong><\/span>, tienen como objetivo la aportaci\u00f3n de soluciones de valor a\u00f1adido. Por este motivo,<strong> los proyectos se personalizan a la medida del cliente<\/strong>, teniendo en cuenta su realidad, necesidades y expectativas.<\/p>\n<p>Los servicios m\u00e1s representativos para el sector industrial y log\u00edstico, son:<\/p>\n<p><strong>Asesoramiento Estrat\u00e9gico:<br \/>\n<\/strong><\/p>\n<ul>\n<li>Facilitador para la revisi\u00f3n de la Misi\u00f3n y Visi\u00f3n empresarial (qui\u00e9nes somos y a d\u00f3nde queremos ir), Pol\u00edticas, Objetivos y Procedimientos, con el fin de alinearlos e ir en una misma direcci\u00f3n<\/li>\n<li>Alineaci\u00f3n organizacional \/ Direcci\u00f3n por Valores<\/li>\n<li>Nuevas pr\u00e1cticas empresariales en la organizaci\u00f3n del trabajo o de los procedimientos de la empresa, destacando los <em>modelos Lean-Agile<\/em> como SCRUM y KANBAN con filosof\u00eda KAIZEN sobre mejora continua.<\/li>\n<li>Modelos de econom\u00eda circular para la eficiencia econ\u00f3mica, diferenciaci\u00f3n, crear nuevas alianzas estrat\u00e9gicas y expansi\u00f3n del ecosistema del sector (nuevas oportunidades)<\/li>\n<li>Implantaci\u00f3n de un Sistema de Gesti\u00f3n de la Innovaci\u00f3n: crear las estructuras organizativas que permitan a la empresa a crear productos con innovaci\u00f3n incremental o disruptiva.<\/li>\n<li>Implantaci\u00f3n de un Sistema de Gesti\u00f3n de I+D+i<\/li>\n<\/ul>\n<p><strong>Asesoramiento en Operaciones y Producci\u00f3n<\/strong><\/p>\n<ul>\n<li>Colaboraci\u00f3n en el desarrollo de sistemas de gesti\u00f3n de log\u00edstica inversa (retorno de productos o sus partes)<\/li>\n<li>An\u00e1lisis y diagn\u00f3stico de la cadena de valor<\/li>\n<li>Contabilidad de gesti\u00f3n o de an\u00e1lisis de costes internos<\/li>\n<li>Colaboraci\u00f3n en creaci\u00f3n de procedimientos de control y seguimiento anal\u00edtico del cumplimiento de presupuestos, an\u00e1lisis de posibles desviaciones y planes de respuesta<\/li>\n<li>Optimizaci\u00f3n de procesos operativos y m\u00e9todos de trabajo<\/li>\n<li>Alineaci\u00f3n de los deseos del cliente con el proceso interno (mejora de productos y\/o servicios orientados al cliente)<\/li>\n<li>Proyectos de Gesti\u00f3n interna del conocimiento t\u00e9cnico<\/li>\n<li>Implantaci\u00f3n de t\u00e9cnicas y herramientas para la mejora continua<\/li>\n<\/ul>\n<p><strong>Asesoramiento en Gesti\u00f3n de personas:<\/strong><\/p>\n<ul>\n<li>Liderar, coordinar o simplemente facilitador de equipos, para la mejora del clima laboral, fomentar su desarrollo profesional y motivaci\u00f3n<\/li>\n<li>Ayudar en la detecci\u00f3n de necesidades y organizaci\u00f3n y gesti\u00f3n de acciones formativas y m\u00e9todos de colaboraci\u00f3n<\/li>\n<li>Planes de comunicaci\u00f3n interna<\/li>\n<\/ul>\n","protected":false},"excerpt":{"rendered":"<p>Todos los servicios de consultor\u00eda que presta ABETTRA Consulting, tienen como objetivo la aportaci\u00f3n de soluciones de valor a\u00f1adido. Por este motivo, los proyectos se personalizan a la medida del cliente, teniendo en cuenta su realidad, necesidades y expectativas. Los servicios m\u00e1s representativos para el sector industrial y log\u00edstico, son: Asesoramiento Estrat\u00e9gico: Facilitador para la [&hellip;]<\/p>\n","protected":false},"author":2,"featured_media":0,"parent":0,"menu_order":0,"comment_status":"closed","ping_status":"closed","template":"","meta":[],"_links":{"self":[{"href":"https:\/\/abettraconsulting.es\/index.php?rest_route=\/wp\/v2\/pages\/33"}],"collection":[{"href":"https:\/\/abettraconsulting.es\/index.php?rest_route=\/wp\/v2\/pages"}],"about":[{"href":"https:\/\/abettraconsulting.es\/index.php?rest_route=\/wp\/v2\/types\/page"}],"author":[{"embeddable":true,"href":"https:\/\/abettraconsulting.es\/index.php?rest_route=\/wp\/v2\/users\/2"}],"replies":[{"embeddable":true,"href":"https:\/\/abettraconsulting.es\/index.php?rest_route=%2Fwp%2Fv2%2Fcomments&post=33"}],"version-history":[{"count":43,"href":"https:\/\/abettraconsulting.es\/index.php?rest_route=\/wp\/v2\/pages\/33\/revisions"}],"predecessor-version":[{"id":469,"href":"https:\/\/abettraconsulting.es\/index.php?rest_route=\/wp\/v2\/pages\/33\/revisions\/469"}],"wp:attachment":[{"href":"https:\/\/abettraconsulting.es\/index.php?rest_route=%2Fwp%2Fv2%2Fmedia&parent=33"}],"curies":[{"name":"wp","href":"https:\/\/api.w.org\/{rel}","templated":true}]}}