{"id":246,"date":"2020-05-11T21:57:03","date_gmt":"2020-05-11T21:57:03","guid":{"rendered":"http:\/\/abettraconsulting.es\/?page_id=246"},"modified":"2023-08-04T06:40:55","modified_gmt":"2023-08-04T06:40:55","slug":"bienvenid-a-la-pagina-de-abettra-consulting","status":"publish","type":"page","link":"https:\/\/abettraconsulting.es\/","title":{"rendered":"\u00bfQu\u00e9 es ABETTRA Consulting?"},"content":{"rendered":"\n<p>Es una empresa de <strong>Consultor\u00eda en Estrategia y Organizaci\u00f3n Empresarial, <\/strong>para el desarrollo organizacional, que presta servicios a otras empresas (B2B). Se diferencia de otras empresas, por disponer de una red de colaboradores de distintas \u00e1reas y sectores, que permiten un alto valor a\u00f1adido de los servicios prestados, colaborando en todo momento con los departamentos de la empresa cliente, <strong>con el objetivo de aportar valor y potenciar las condiciones internas del cliente<\/strong>, y no la adquisici\u00f3n de funciones por externalizaci\u00f3n.<\/p>\n\n\n\n<p><\/p>\n\n\n\n<p>Para mejorar la posici\u00f3n en el mercado, adem\u00e1s de buenas ideas, es necesario alinear sus recursos, y ABETTRA Consulting le puede ayudar. En la web encontrar\u00e1 algunos de los servicios que ABETTRA Consulting presta, pero siempre se parte de una entrevista inicial donde se pueda definir <strong><mark style=\"background-color:rgba(0, 0, 0, 0)\" class=\"has-inline-color has-vivid-cyan-blue-color\">\u00bfQU\u00c9 NECESITA?<\/mark><\/strong><\/p>\n\n\n\n<figure class=\"wp-block-image size-large\"><a href=\"https:\/\/abettraconsulting.es\/wp-content\/uploads\/2021\/10\/Dibujos_pagina_web_ABETTRA.png\"><img decoding=\"async\" loading=\"lazy\" width=\"1024\" height=\"412\" src=\"https:\/\/abettraconsulting.es\/wp-content\/uploads\/2021\/10\/Dibujos_pagina_web_ABETTRA-1024x412.png\" alt=\"\" class=\"wp-image-391\" srcset=\"https:\/\/abettraconsulting.es\/wp-content\/uploads\/2021\/10\/Dibujos_pagina_web_ABETTRA-1024x412.png 1024w, https:\/\/abettraconsulting.es\/wp-content\/uploads\/2021\/10\/Dibujos_pagina_web_ABETTRA-300x121.png 300w, https:\/\/abettraconsulting.es\/wp-content\/uploads\/2021\/10\/Dibujos_pagina_web_ABETTRA-768x309.png 768w, https:\/\/abettraconsulting.es\/wp-content\/uploads\/2021\/10\/Dibujos_pagina_web_ABETTRA-1536x619.png 1536w, https:\/\/abettraconsulting.es\/wp-content\/uploads\/2021\/10\/Dibujos_pagina_web_ABETTRA-2048x825.png 2048w\" sizes=\"(max-width: 1024px) 100vw, 1024px\" \/><\/a><\/figure>\n\n\n\n<p>Los Servicios profesionales que se ofrecen, siguen los procedimientos de buenas pr\u00e1cticas del sector de la consultor\u00eda de gesti\u00f3n y est\u00e1n alineados con los requisitos de servicios proporcionados externamente indicados en la norma UNE-EN ISO 9001 y UNE-EN ISO 9004. Esto hace que sean totalmente flexibles, adaptados a la realidad del cliente, basados en la m\u00e1xima calidad, facilidad de implantaci\u00f3n y seguimiento de resultados.<br><\/p>\n","protected":false},"excerpt":{"rendered":"<p>Es una empresa de Consultor\u00eda en Estrategia y Organizaci\u00f3n Empresarial, para el desarrollo organizacional, que presta servicios a otras empresas (B2B). Se diferencia de otras empresas, por disponer de una red de colaboradores de distintas \u00e1reas y sectores, que permiten un alto valor a\u00f1adido de los servicios prestados, colaborando en todo momento con los departamentos [&hellip;]<\/p>\n","protected":false},"author":2,"featured_media":0,"parent":0,"menu_order":0,"comment_status":"closed","ping_status":"closed","template":"","meta":[],"_links":{"self":[{"href":"https:\/\/abettraconsulting.es\/index.php?rest_route=\/wp\/v2\/pages\/246"}],"collection":[{"href":"https:\/\/abettraconsulting.es\/index.php?rest_route=\/wp\/v2\/pages"}],"about":[{"href":"https:\/\/abettraconsulting.es\/index.php?rest_route=\/wp\/v2\/types\/page"}],"author":[{"embeddable":true,"href":"https:\/\/abettraconsulting.es\/index.php?rest_route=\/wp\/v2\/users\/2"}],"replies":[{"embeddable":true,"href":"https:\/\/abettraconsulting.es\/index.php?rest_route=%2Fwp%2Fv2%2Fcomments&post=246"}],"version-history":[{"count":22,"href":"https:\/\/abettraconsulting.es\/index.php?rest_route=\/wp\/v2\/pages\/246\/revisions"}],"predecessor-version":[{"id":471,"href":"https:\/\/abettraconsulting.es\/index.php?rest_route=\/wp\/v2\/pages\/246\/revisions\/471"}],"wp:attachment":[{"href":"https:\/\/abettraconsulting.es\/index.php?rest_route=%2Fwp%2Fv2%2Fmedia&parent=246"}],"curies":[{"name":"wp","href":"https:\/\/api.w.org\/{rel}","templated":true}]}}