{"id":192,"date":"2019-01-29T18:57:42","date_gmt":"2019-01-29T18:57:42","guid":{"rendered":"http:\/\/abettraconsulting.es\/?page_id=192"},"modified":"2023-08-02T18:24:07","modified_gmt":"2023-08-02T18:24:07","slug":"articulos-en-lo-medios","status":"publish","type":"page","link":"https:\/\/abettraconsulting.es\/?page_id=192","title":{"rendered":"ART\u00cdCULOS PUBLICADOS EN LOS MEDIOS"},"content":{"rendered":"<p><span style=\"color: #000080;\"><strong><a href=\"http:\/\/abettraconsulting.es\/wp-content\/uploads\/2019\/01\/Articulo_ECE.pdf\">Art\u00edculo: <span style=\"color: #000080;\">Estimular la creatividad en la empresa<\/span><\/a><\/strong><\/span><\/p>\n<p><span style=\"color: #000080;\"><strong><a href=\"http:\/\/abettraconsulting.es\/wp-content\/uploads\/2019\/01\/Articulo_Clima_parte_II.pdf\">Art\u00edculo: <span style=\"color: #000080;\"><strong>\u00bfC\u00f3mo mejorar el clima laboral? (Parte II)<\/strong><\/span><\/a><\/strong><\/span><\/p>\n<p><strong><span style=\"color: #000080;\"><a href=\"http:\/\/abettraconsulting.es\/wp-content\/uploads\/2019\/01\/Articulo_Clima_parte_I.pdf\">Art\u00edculo: <span style=\"color: #000080;\">\u00bfC\u00f3mo mejorar el clima laboral? (Parte I)<\/span><\/a><\/span><\/strong><\/p>\n<p><a href=\"http:\/\/abettraconsulting.es\/wp-content\/uploads\/2019\/01\/Articulo.pdf\"><strong>Art\u00edculo:<\/strong> <strong><span style=\"color: #000080;\">La rotaci\u00f3n de personal<\/span><\/strong><\/a><\/p>\n<p><span style=\"color: #000080;\"><strong><a href=\"http:\/\/abettraconsulting.es\/wp-content\/uploads\/2019\/01\/Articulo_publicado.pdf\">Art\u00edculo: <span style=\"color: #000080;\">Dos t\u00e9cnicas para reducir costes fijos empresariales<\/span><\/a><br \/>\n<\/strong><\/span><\/p>\n","protected":false},"excerpt":{"rendered":"<p>Art\u00edculo: Estimular la creatividad en la empresa Art\u00edculo: \u00bfC\u00f3mo mejorar el clima laboral? (Parte II) Art\u00edculo: \u00bfC\u00f3mo mejorar el clima laboral? (Parte I) Art\u00edculo: La rotaci\u00f3n de personal Art\u00edculo: Dos t\u00e9cnicas para reducir costes fijos empresariales<\/p>\n","protected":false},"author":2,"featured_media":0,"parent":0,"menu_order":0,"comment_status":"closed","ping_status":"closed","template":"","meta":[],"_links":{"self":[{"href":"https:\/\/abettraconsulting.es\/index.php?rest_route=\/wp\/v2\/pages\/192"}],"collection":[{"href":"https:\/\/abettraconsulting.es\/index.php?rest_route=\/wp\/v2\/pages"}],"about":[{"href":"https:\/\/abettraconsulting.es\/index.php?rest_route=\/wp\/v2\/types\/page"}],"author":[{"embeddable":true,"href":"https:\/\/abettraconsulting.es\/index.php?rest_route=\/wp\/v2\/users\/2"}],"replies":[{"embeddable":true,"href":"https:\/\/abettraconsulting.es\/index.php?rest_route=%2Fwp%2Fv2%2Fcomments&post=192"}],"version-history":[{"count":18,"href":"https:\/\/abettraconsulting.es\/index.php?rest_route=\/wp\/v2\/pages\/192\/revisions"}],"predecessor-version":[{"id":458,"href":"https:\/\/abettraconsulting.es\/index.php?rest_route=\/wp\/v2\/pages\/192\/revisions\/458"}],"wp:attachment":[{"href":"https:\/\/abettraconsulting.es\/index.php?rest_route=%2Fwp%2Fv2%2Fmedia&parent=192"}],"curies":[{"name":"wp","href":"https:\/\/api.w.org\/{rel}","templated":true}]}}